{"id":42088,"date":"2024-05-13T18:12:51","date_gmt":"2024-05-13T16:12:51","guid":{"rendered":"https:\/\/www.lavillette.com\/test-lba\/"},"modified":"2025-04-16T14:56:41","modified_gmt":"2025-04-16T12:56:41","slug":"space-rental-form","status":"publish","type":"page","link":"https:\/\/www.lavillette.com\/en\/space-rental-form\/","title":{"rendered":"Space rental form"},"content":{"rendered":"\n<div id=\"redirectform\">\n<div class=\"wpcf7 no-js\" id=\"wpcf7-f42086-o1\" lang=\"en-US\" dir=\"ltr\" data-wpcf7-id=\"42086\">\n<div class=\"screen-reader-response\"><p role=\"status\" aria-live=\"polite\" aria-atomic=\"true\"><\/p> <ul><\/ul><\/div>\n<form action=\"\/en\/wp-json\/wp\/v2\/pages\/42088#wpcf7-f42086-o1\" method=\"post\" class=\"wpcf7-form init\" aria-label=\"Contact form\" enctype=\"multipart\/form-data\" novalidate=\"novalidate\" data-status=\"init\">\n<fieldset class=\"hidden-fields-container\"><input type=\"hidden\" name=\"_wpcf7\" value=\"42086\" \/><input type=\"hidden\" name=\"_wpcf7_version\" value=\"6.1.5\" \/><input type=\"hidden\" name=\"_wpcf7_locale\" value=\"en_US\" \/><input type=\"hidden\" name=\"_wpcf7_unit_tag\" value=\"wpcf7-f42086-o1\" \/><input type=\"hidden\" name=\"_wpcf7_container_post\" value=\"0\" \/><input type=\"hidden\" name=\"_wpcf7_posted_data_hash\" value=\"\" \/>\n<\/fieldset>\n<p>Merci de remplir le formulaire ci-dessous.\n<\/p>\n<p><label><span class=\"placeholder\">Nom de la manifestation*<\/span><br \/>\n<span class=\"wpcf7-form-control-wrap\" data-name=\"manifname\"><input size=\"40\" maxlength=\"400\" class=\"wpcf7-form-control wpcf7-text wpcf7-validates-as-required\" aria-required=\"true\" aria-invalid=\"false\" value=\"\" type=\"text\"  id=\"manifname\" name=\"manifname\" \/><\/span> <\/label>\n<\/p>\n<p><label class=\"w50\"><span class=\"placeholder\">Format de la manifestation*<\/span><br \/>\n<span class=\"wpcf7-form-control-wrap\" data-name=\"format\"><select class=\"wpcf7-form-control wpcf7-select wpcf7-validates-as-required\" aria-required=\"true\" aria-invalid=\"false\"  id=\"format\" name=\"format\"><option value=\"\">--s\u00e9lectionnez une option--<\/option><option value=\"Salon grand public\">Salon grand public<\/option><option value=\"Salon professionnel\">Salon professionnel<\/option><option value=\"Convention\">Convention<\/option><option value=\"Conf\u00e9rence avec ou sans cocktail\">Conf\u00e9rence avec ou sans cocktail<\/option><option value=\"Diner de gala\">Diner de gala<\/option><option value=\"D\u00e9fil\u00e9 de mode\">D\u00e9fil\u00e9 de mode<\/option><option value=\"Ev\u00e9nement Sportif\">Ev\u00e9nement Sportif<\/option><option value=\"Exposition\">Exposition<\/option><option value=\"Tournage \/ Shooting\">Tournage \/ Shooting<\/option><option value=\"Op\u00e9ration promotionnelle\">Op\u00e9ration promotionnelle<\/option><option value=\"Roadshow\">Roadshow<\/option><option value=\"Lancement de produit\">Lancement de produit<\/option><option value=\"Autre\">Autre<\/option><\/select><\/span> <\/label>\n<\/p>\n<p><label class=\"w50\"><span class=\"placeholder\">Si autre pr\u00e9ciser :<\/span><br \/>\n<span class=\"wpcf7-form-control-wrap\" data-name=\"precision\"><input size=\"40\" maxlength=\"400\" class=\"wpcf7-form-control wpcf7-text\" aria-invalid=\"false\" value=\"\" type=\"text\"  id=\"precision\" name=\"precision\" \/><\/span> <\/label>\n<\/p>\n<p><label><span class=\"placeholder\">Description du projet*<\/span><br \/>\n<span class=\"wpcf7-form-control-wrap\" data-name=\"description\"><textarea cols=\"40\" rows=\"10\" maxlength=\"2000\" class=\"wpcf7-form-control wpcf7-textarea wpcf7-validates-as-required\" aria-required=\"true\" aria-invalid=\"false\"  id=\"description\" name=\"description\"><\/textarea><\/span> <\/label>\n<\/p>\n<div class=\"label w25\">\n\t<p><span class=\"title\">Type d'acc\u00e8s*<\/span><br \/>\n<span class=\"wpcf7-form-control-wrap\" data-name=\"typeacces\"><span class=\"wpcf7-form-control wpcf7-checkbox wpcf7-validates-as-required\"><span class=\"wpcf7-list-item first\"><label for=\"wpcf7-typeacces-Gratuit\"><input id=\"wpcf7-typeacces-Gratuit\" type=\"checkbox\" name=\"typeacces[]\" value=\"Gratuit\" \/><span class=\"wpcf7-list-item-label\">Gratuit<\/span><\/label><\/span><span class=\"wpcf7-list-item\"><label for=\"wpcf7-typeacces-Payant\"><input id=\"wpcf7-typeacces-Payant\" type=\"checkbox\" name=\"typeacces[]\" value=\"Payant\" \/><span class=\"wpcf7-list-item-label\">Payant<\/span><\/label><\/span><span class=\"wpcf7-list-item last\"><label for=\"wpcf7-typeacces-Surinvitation\"><input id=\"wpcf7-typeacces-Surinvitation\" type=\"checkbox\" name=\"typeacces[]\" value=\"Sur invitation\" \/><span class=\"wpcf7-list-item-label\">Sur invitation<\/span><\/label><\/span><\/span><\/span>\n\t<\/p>\n<\/div>\n<div class=\"label w25\">\n\t<p><span class=\"title\">Espaces souhait\u00e9s*<\/span><br \/>\n<span class=\"wpcf7-form-control-wrap\" data-name=\"espaces\"><span class=\"wpcf7-form-control wpcf7-checkbox wpcf7-validates-as-required\"><span class=\"wpcf7-list-item first\"><label for=\"wpcf7-espaces-Nef6000m2minimum\"><input id=\"wpcf7-espaces-Nef6000m2minimum\" type=\"checkbox\" name=\"espaces[]\" value=\"Nef (6 000 m2 minimum)\" \/><span class=\"wpcf7-list-item-label\">Nef (6 000 m2 minimum)<\/span><\/label><\/span><span class=\"wpcf7-list-item\"><label for=\"wpcf7-espaces-CharlieParker3000m2minimum\"><input id=\"wpcf7-espaces-CharlieParker3000m2minimum\" type=\"checkbox\" name=\"espaces[]\" value=\"Charlie Parker (3 000 m2 minimum)\" \/><span class=\"wpcf7-list-item-label\">Charlie Parker (3 000 m2 minimum)<\/span><\/label><\/span><span class=\"wpcf7-list-item\"><label for=\"wpcf7-espaces-Grandehalle9000m2minimum\"><input id=\"wpcf7-espaces-Grandehalle9000m2minimum\" type=\"checkbox\" name=\"espaces[]\" value=\"Grande halle (9 000 m2 minimum)\" \/><span class=\"wpcf7-list-item-label\">Grande halle (9 000 m2 minimum)<\/span><\/label><\/span><span class=\"wpcf7-list-item\"><label for=\"wpcf7-espaces-AuditoriumBorisVian290pax\"><input id=\"wpcf7-espaces-AuditoriumBorisVian290pax\" type=\"checkbox\" name=\"espaces[]\" value=\"Auditorium Boris Vian (290 pax)\" \/><span class=\"wpcf7-list-item-label\">Auditorium Boris Vian (290 pax)<\/span><\/label><\/span><span class=\"wpcf7-list-item\"><label for=\"wpcf7-espaces-EspaceChapiteaux\"><input id=\"wpcf7-espaces-EspaceChapiteaux\" type=\"checkbox\" name=\"espaces[]\" value=\"Espace Chapiteaux\" \/><span class=\"wpcf7-list-item-label\">Espace Chapiteaux<\/span><\/label><\/span><span class=\"wpcf7-list-item\"><label for=\"wpcf7-espaces-EspacePriphrique\"><input id=\"wpcf7-espaces-EspacePriphrique\" type=\"checkbox\" name=\"espaces[]\" value=\"Espace P\u00e9riph\u00e9rique\" \/><span class=\"wpcf7-list-item-label\">Espace P\u00e9riph\u00e9rique<\/span><\/label><\/span><span class=\"wpcf7-list-item\"><label for=\"wpcf7-espaces-PlacelaFontaineauxlions\"><input id=\"wpcf7-espaces-PlacelaFontaineauxlions\" type=\"checkbox\" name=\"espaces[]\" value=\"Place la Fontaine aux lions\" \/><span class=\"wpcf7-list-item-label\">Place la Fontaine aux lions<\/span><\/label><\/span><span class=\"wpcf7-list-item\"><label for=\"wpcf7-espaces-Autreespacedepleinair\"><input id=\"wpcf7-espaces-Autreespacedepleinair\" type=\"checkbox\" name=\"espaces[]\" value=\"Autre espace de plein air\" \/><span class=\"wpcf7-list-item-label\">Autre espace de plein air<\/span><\/label><\/span><span class=\"wpcf7-list-item\"><label for=\"wpcf7-espaces-Prairie\"><input id=\"wpcf7-espaces-Prairie\" type=\"checkbox\" name=\"espaces[]\" value=\"Prairie\" \/><span class=\"wpcf7-list-item-label\">Prairie<\/span><\/label><\/span><span class=\"wpcf7-list-item last\"><label for=\"wpcf7-espaces-Folie\"><input id=\"wpcf7-espaces-Folie\" type=\"checkbox\" name=\"espaces[]\" value=\"Folie\" \/><span class=\"wpcf7-list-item-label\">Folie<\/span><\/label><\/span><\/span><\/span>\n\t<\/p>\n<\/div>\n<div class=\"label w50\">\n\t<p><label><span class=\"placeholder\">Nombre de jours de montage*<\/span><br \/>\n<span class=\"wpcf7-form-control-wrap\" data-name=\"joursmontage\"><input class=\"wpcf7-form-control wpcf7-number wpcf7-validates-as-required wpcf7-validates-as-number\" aria-required=\"true\" aria-invalid=\"false\" value=\"\" type=\"number\"  id=\"joursmontage\" name=\"joursmontage\" \/><\/span> <\/label>\n\t<\/p>\n\t<p><label><span class=\"placeholder\">Nombre de jours de d\u00e9montage*<\/span><br \/>\n<span class=\"wpcf7-form-control-wrap\" data-name=\"joursdemontage\"><input class=\"wpcf7-form-control wpcf7-number wpcf7-validates-as-required wpcf7-validates-as-number\" aria-required=\"true\" aria-invalid=\"false\" value=\"\" type=\"number\"  id=\"joursdemontage\" name=\"joursdemontage\" \/><\/span> <\/label>\n\t<\/p>\n\t<p><label><span class=\"placeholder\">Date de d\u00e9but souhait\u00e9e*<\/span><br \/>\n<span class=\"wpcf7-form-control-wrap\" data-name=\"dated\"><input class=\"wpcf7-form-control wpcf7-date wpcf7-validates-as-required wpcf7-validates-as-date\" aria-required=\"true\" aria-invalid=\"false\" value=\"\" type=\"date\"  id=\"dated\" name=\"dated\" \/><\/span> <\/label>\n\t<\/p>\n\t<p><label><span class=\"placeholder\">Date de fin souhait\u00e9e*<\/span><br \/>\n<span class=\"wpcf7-form-control-wrap\" data-name=\"datef\"><input class=\"wpcf7-form-control wpcf7-date wpcf7-validates-as-required wpcf7-validates-as-date\" aria-required=\"true\" aria-invalid=\"false\" value=\"\" type=\"date\"  id=\"datef\" name=\"datef\" \/><\/span> <\/label>\n\t<\/p>\n\t<div class=\"label custom-radio\">\n\t\t<p><span class=\"placeholder\">\u00cates-vous flexible au niveau de vos dates*\u00a0:<\/span><br \/>\n<span class=\"wpcf7-form-control-wrap\" data-name=\"flexible\"><span class=\"wpcf7-form-control wpcf7-radio\"><span class=\"wpcf7-list-item first\"><label for=\"wpcf7-flexible-non\"><input id=\"wpcf7-flexible-non\" type=\"radio\" name=\"flexible\" value=\"non\" checked=\"checked\" \/><span class=\"wpcf7-list-item-label\">non<\/span><\/label><\/span><span class=\"wpcf7-list-item last\"><label for=\"wpcf7-flexible-oui\"><input id=\"wpcf7-flexible-oui\" type=\"radio\" name=\"flexible\" value=\"oui\" \/><span class=\"wpcf7-list-item-label\">oui<\/span><\/label><\/span><\/span><\/span>\n\t\t<\/p>\n\t<\/div>\n<\/div>\n<div class=\"separator\">\n<\/div>\n<div class=\"label w50\">\n\t<h2 style=\"width:100%\">Contact :\n\t<\/h2>\n\t<p><label><span class=\"placeholder\">Nom*<\/span><br \/>\n<span class=\"wpcf7-form-control-wrap\" data-name=\"nom\"><input size=\"40\" maxlength=\"400\" class=\"wpcf7-form-control wpcf7-text wpcf7-validates-as-required\" aria-required=\"true\" aria-invalid=\"false\" value=\"\" type=\"text\"  id=\"nom\" name=\"nom\" \/><\/span> <\/label>\n\t<\/p>\n\t<p><label><span class=\"placeholder\">Pr\u00e9nom*<\/span><br \/>\n<span class=\"wpcf7-form-control-wrap\" data-name=\"prenom\"><input size=\"40\" maxlength=\"400\" class=\"wpcf7-form-control wpcf7-text wpcf7-validates-as-required\" aria-required=\"true\" aria-invalid=\"false\" value=\"\" type=\"text\"  id=\"prenom\" name=\"prenom\" \/><\/span> <\/label>\n\t<\/p>\n\t<p><label><span class=\"placeholder\">T\u00e9l\u00e9phone*<\/span><br \/>\n<span class=\"wpcf7-form-control-wrap\" data-name=\"tel\"><input size=\"40\" maxlength=\"400\" class=\"wpcf7-form-control wpcf7-tel wpcf7-validates-as-required wpcf7-text wpcf7-validates-as-tel\" aria-required=\"true\" aria-invalid=\"false\" value=\"\" type=\"tel\"  id=\"tel\" name=\"tel\" \/><\/span> <\/label>\n\t<\/p>\n\t<p><label><span class=\"placeholder\">Adresse e-mail*<\/span><br \/>\n<span class=\"wpcf7-form-control-wrap\" data-name=\"email\"><input size=\"40\" maxlength=\"400\" class=\"wpcf7-form-control wpcf7-email wpcf7-validates-as-required wpcf7-text wpcf7-validates-as-email\" aria-required=\"true\" aria-invalid=\"false\" value=\"\" type=\"email\"  id=\"email\" name=\"email\" \/><\/span> <\/label>\n\t<\/p>\n\t<p><label><span class=\"placeholder\">Fonction*<\/span><br \/>\n<span class=\"wpcf7-form-control-wrap\" data-name=\"fonction\"><input size=\"40\" maxlength=\"400\" class=\"wpcf7-form-control wpcf7-text wpcf7-validates-as-required\" aria-required=\"true\" aria-invalid=\"false\" value=\"\" type=\"text\"  id=\"fonction\" name=\"fonction\" \/><\/span> <\/label>\n\t<\/p>\n<\/div>\n<div class=\"label w50\">\n\t<h2 style=\"width:100%\">Entreprise :\n\t<\/h2>\n\t<p><label><span class=\"placeholder\">Soci\u00e9t\u00e9*<\/span><br \/>\n<span class=\"wpcf7-form-control-wrap\" data-name=\"societe\"><input size=\"40\" maxlength=\"400\" class=\"wpcf7-form-control wpcf7-text wpcf7-validates-as-required\" aria-required=\"true\" aria-invalid=\"false\" value=\"\" type=\"text\"  id=\"societe\" name=\"societe\" \/><\/span> <\/label>\n\t<\/p>\n\t<p><label><span class=\"placeholder\">Adresse soci\u00e9t\u00e9*<\/span><br \/>\n<span class=\"wpcf7-form-control-wrap\" data-name=\"adresse\"><input size=\"40\" maxlength=\"400\" class=\"wpcf7-form-control wpcf7-text wpcf7-validates-as-required\" aria-required=\"true\" aria-invalid=\"false\" value=\"\" type=\"text\"  id=\"adresse\" name=\"adresse\" \/><\/span> <\/label>\n\t<\/p>\n\t<p><label class=\"w50\"><span class=\"placeholder\">Code postal soci\u00e9t\u00e9*<\/span><br \/>\n<span class=\"wpcf7-form-control-wrap\" data-name=\"codepostal\"><input size=\"40\" maxlength=\"400\" class=\"wpcf7-form-control wpcf7-text wpcf7-validates-as-required\" aria-required=\"true\" aria-invalid=\"false\" value=\"\" type=\"text\"  id=\"codepostal\" name=\"codepostal\" \/><\/span> <\/label>\n\t<\/p>\n\t<p><label class=\"w50\"><span class=\"placeholder\">Ville soci\u00e9t\u00e9*<\/span><br \/>\n<span class=\"wpcf7-form-control-wrap\" data-name=\"ville\"><input size=\"40\" maxlength=\"400\" class=\"wpcf7-form-control wpcf7-text wpcf7-validates-as-required\" aria-required=\"true\" aria-invalid=\"false\" value=\"\" type=\"text\"  id=\"ville\" name=\"ville\" \/><\/span> <\/label>\n\t<\/p>\n\t<p><label><span class=\"placeholder\">Pays soci\u00e9t\u00e9*<\/span><br \/>\n<span class=\"wpcf7-form-control-wrap\" data-name=\"pays\"><input size=\"40\" maxlength=\"400\" class=\"wpcf7-form-control wpcf7-text wpcf7-validates-as-required\" aria-required=\"true\" aria-invalid=\"false\" value=\"\" type=\"text\"  id=\"pays\" name=\"pays\" \/><\/span> <\/label>\n\t<\/p>\n\t<p><label><span class=\"placeholder\">SIRET*<\/span><br \/>\n<span class=\"wpcf7-form-control-wrap\" data-name=\"siret\"><input size=\"40\" maxlength=\"400\" class=\"wpcf7-form-control wpcf7-text wpcf7-validates-as-required\" aria-required=\"true\" aria-invalid=\"false\" value=\"\" type=\"text\"  id=\"siret\" name=\"siret\" \/><\/span> <\/label>\n\t<\/p>\n<\/div>\n<div class=\"separator\">\n<\/div>\n<div class=\"row\">\n\t<h2>JOINDRE UN FICHIER\n\t<\/h2>\n\t<p><span class=\"info\"><br \/>\n<svg width=\"20\" height=\"20\" viewBox=\"0 0 20 20\" fill=\"none\" xmlns=\"http:\/\/www.w3.org\/2000\/svg\">\n  <path d=\"M9.166 5.83H10.8V7.5H9.166V5.831ZM9.16 9.165H10.8V14.17H9.166V9.1675ZM10 1.67C5.4 1.67 1.67 5.4 1.67 10.1C1.67 14.6 5.4 18.3 10 18.3C14.6 18.3 18.3 14.6 18.3 \n  10.1C18.3 5.4 14.6 1.67 10 1.67ZM10 16.67C6.32 16.67 3.3 13.67 3.3 10.1C3.33 6.3 6.3 3.3 10 3.33C13.67 3.3 16.67 6.3 16.67 10C16.67 13.67 13.67 16.67 10 16.67Z\" \n  fill=\"black\"\/>\n  <clipPath id=\"clip0_1373_8380\">\n  <rect width=\"20\" height=\"20\" fill=\"white\"\/>\n  <\/clipPath>\n  <\/svg><br \/>\nlimite de 10Mo, format : pdf, jpg ou png<br \/>\n<\/span>\n\t<\/p>\n<\/div>\n<div class=\"hidden\">\n\t<p><span class=\"wpcf7-form-control-wrap\" data-name=\"file-1\"><input size=\"40\" class=\"wpcf7-form-control wpcf7-file\" accept=\".pdf,.jpg,.png\" aria-invalid=\"false\" type=\"file\" name=\"file-1\" \/><\/span>\n\t<\/p>\n<\/div>\n<p><button class=\"uploadbtn\">IMPORTER UN FICHIER<\/button>\n<\/p>\n<div class=\"separator\">\n<\/div>\n<div class=\"row\">\n\t<p><span class=\"wpcf7-form-control-wrap\" data-name=\"acceptance-39\"><span class=\"wpcf7-form-control wpcf7-acceptance\"><span class=\"wpcf7-list-item\"><label for=\"wpcf7-acceptance-39-1\"><input id=\"wpcf7-acceptance-39-1\" type=\"checkbox\" name=\"acceptance-39\" value=\"1\" aria-invalid=\"false\" \/><span class=\"wpcf7-list-item-label\">J'accepte que La Villette, responsable du traitement, collecte mes donn\u00e9es afin de pouvoir traiter ma demande. Vous b\u00e9n\u00e9ficiez d'un droit \n    d'acc\u00e8s, de rectification et d'opposition. Pour plus d'informations sur notre Politique de\u2028confidentialit\u00e9, <a href=\"\/politique-de-confidentialite\/\" target=\"_blank\"> Cliquez ICI<\/a><\/span><\/label><\/span><\/span><\/span>\n\t<\/p>\n\t<p><input class=\"wpcf7-form-control wpcf7-submit has-spinner\" type=\"submit\" value=\"Envoyer\" \/>\n\t<\/p>\n<\/div><div class=\"wpcf7-response-output\" aria-hidden=\"true\"><\/div>\n<\/form>\n<\/div>\n<\/div>\n","protected":false},"excerpt":{"rendered":"","protected":false},"author":1,"featured_media":0,"parent":0,"menu_order":0,"comment_status":"closed","ping_status":"closed","template":"","meta":{"_acf_changed":false,"footnotes":""},"class_list":["post-42088","page","type-page","status-publish","hentry"],"acf":[],"yoast_head":"<!-- This site is optimized with the Yoast SEO plugin v27.2 - https:\/\/yoast.com\/product\/yoast-seo-wordpress\/ -->\n<title>Space rental form - La Villette<\/title>\n<meta name=\"description\" content=\"Book a venue at La Villette for your professional or private events by filling out our online rental form.\" \/>\n<meta name=\"robots\" content=\"index, follow, max-snippet:-1, max-image-preview:large, max-video-preview:-1\" \/>\n<link rel=\"canonical\" href=\"https:\/\/www.lavillette.com\/en\/space-rental-form\/\" \/>\n<meta property=\"og:locale\" content=\"en_US\" \/>\n<meta property=\"og:type\" content=\"article\" \/>\n<meta property=\"og:title\" content=\"Space rental form - La Villette\" \/>\n<meta property=\"og:description\" content=\"Book a venue at La Villette for your professional or private events by filling out our online rental form.\" \/>\n<meta property=\"og:url\" content=\"https:\/\/www.lavillette.com\/en\/space-rental-form\/\" \/>\n<meta property=\"og:site_name\" content=\"La Villette\" \/>\n<meta property=\"article:modified_time\" content=\"2025-04-16T12:56:41+00:00\" \/>\n<meta name=\"twitter:card\" content=\"summary_large_image\" \/>\n<meta name=\"twitter:label1\" content=\"Est. reading time\" \/>\n\t<meta name=\"twitter:data1\" content=\"1 minute\" \/>\n<script type=\"application\/ld+json\" class=\"yoast-schema-graph\">{\"@context\":\"https:\/\/schema.org\",\"@graph\":[{\"@type\":\"WebPage\",\"@id\":\"https:\/\/www.lavillette.com\/en\/space-rental-form\/\",\"url\":\"https:\/\/www.lavillette.com\/en\/space-rental-form\/\",\"name\":\"Space rental form - La Villette\",\"isPartOf\":{\"@id\":\"https:\/\/www.lavillette.com\/en\/#website\"},\"datePublished\":\"2024-05-13T16:12:51+00:00\",\"dateModified\":\"2025-04-16T12:56:41+00:00\",\"description\":\"Book a venue at La Villette for your professional or private events by filling out our online rental form.\",\"inLanguage\":\"en-US\",\"potentialAction\":[{\"@type\":\"ReadAction\",\"target\":[\"https:\/\/www.lavillette.com\/en\/space-rental-form\/\"]}]},{\"@type\":\"WebSite\",\"@id\":\"https:\/\/www.lavillette.com\/en\/#website\",\"url\":\"https:\/\/www.lavillette.com\/en\/\",\"name\":\"La Villette\",\"description\":\"\",\"publisher\":{\"@id\":\"https:\/\/www.lavillette.com\/en\/#organization\"},\"potentialAction\":[{\"@type\":\"SearchAction\",\"target\":{\"@type\":\"EntryPoint\",\"urlTemplate\":\"https:\/\/www.lavillette.com\/en\/?s={search_term_string}\"},\"query-input\":{\"@type\":\"PropertyValueSpecification\",\"valueRequired\":true,\"valueName\":\"search_term_string\"}}],\"inLanguage\":\"en-US\"},{\"@type\":\"Organization\",\"@id\":\"https:\/\/www.lavillette.com\/en\/#organization\",\"name\":\"La Villette\",\"url\":\"https:\/\/www.lavillette.com\/en\/\",\"logo\":{\"@type\":\"ImageObject\",\"inLanguage\":\"en-US\",\"@id\":\"https:\/\/www.lavillette.com\/en\/#\/schema\/logo\/image\/\",\"url\":\"https:\/\/www.lavillette.com\/wp-content\/uploads\/2023\/12\/LOGO2015VILLETTENOIR-1.png\",\"contentUrl\":\"https:\/\/www.lavillette.com\/wp-content\/uploads\/2023\/12\/LOGO2015VILLETTENOIR-1.png\",\"width\":190,\"height\":84,\"caption\":\"La Villette\"},\"image\":{\"@id\":\"https:\/\/www.lavillette.com\/en\/#\/schema\/logo\/image\/\"}}]}<\/script>\n<!-- \/ Yoast SEO plugin. -->","yoast_head_json":{"title":"Space rental form - La Villette","description":"Book a venue at La Villette for your professional or private events by filling out our online rental form.","robots":{"index":"index","follow":"follow","max-snippet":"max-snippet:-1","max-image-preview":"max-image-preview:large","max-video-preview":"max-video-preview:-1"},"canonical":"https:\/\/www.lavillette.com\/en\/space-rental-form\/","og_locale":"en_US","og_type":"article","og_title":"Space rental form - La Villette","og_description":"Book a venue at La Villette for your professional or private events by filling out our online rental form.","og_url":"https:\/\/www.lavillette.com\/en\/space-rental-form\/","og_site_name":"La Villette","article_modified_time":"2025-04-16T12:56:41+00:00","twitter_card":"summary_large_image","twitter_misc":{"Est. reading time":"1 minute"},"schema":{"@context":"https:\/\/schema.org","@graph":[{"@type":"WebPage","@id":"https:\/\/www.lavillette.com\/en\/space-rental-form\/","url":"https:\/\/www.lavillette.com\/en\/space-rental-form\/","name":"Space rental form - La Villette","isPartOf":{"@id":"https:\/\/www.lavillette.com\/en\/#website"},"datePublished":"2024-05-13T16:12:51+00:00","dateModified":"2025-04-16T12:56:41+00:00","description":"Book a venue at La Villette for your professional or private events by filling out our online rental form.","inLanguage":"en-US","potentialAction":[{"@type":"ReadAction","target":["https:\/\/www.lavillette.com\/en\/space-rental-form\/"]}]},{"@type":"WebSite","@id":"https:\/\/www.lavillette.com\/en\/#website","url":"https:\/\/www.lavillette.com\/en\/","name":"La Villette","description":"","publisher":{"@id":"https:\/\/www.lavillette.com\/en\/#organization"},"potentialAction":[{"@type":"SearchAction","target":{"@type":"EntryPoint","urlTemplate":"https:\/\/www.lavillette.com\/en\/?s={search_term_string}"},"query-input":{"@type":"PropertyValueSpecification","valueRequired":true,"valueName":"search_term_string"}}],"inLanguage":"en-US"},{"@type":"Organization","@id":"https:\/\/www.lavillette.com\/en\/#organization","name":"La Villette","url":"https:\/\/www.lavillette.com\/en\/","logo":{"@type":"ImageObject","inLanguage":"en-US","@id":"https:\/\/www.lavillette.com\/en\/#\/schema\/logo\/image\/","url":"https:\/\/www.lavillette.com\/wp-content\/uploads\/2023\/12\/LOGO2015VILLETTENOIR-1.png","contentUrl":"https:\/\/www.lavillette.com\/wp-content\/uploads\/2023\/12\/LOGO2015VILLETTENOIR-1.png","width":190,"height":84,"caption":"La Villette"},"image":{"@id":"https:\/\/www.lavillette.com\/en\/#\/schema\/logo\/image\/"}}]}},"_links":{"self":[{"href":"https:\/\/www.lavillette.com\/en\/wp-json\/wp\/v2\/pages\/42088","targetHints":{"allow":["GET"]}}],"collection":[{"href":"https:\/\/www.lavillette.com\/en\/wp-json\/wp\/v2\/pages"}],"about":[{"href":"https:\/\/www.lavillette.com\/en\/wp-json\/wp\/v2\/types\/page"}],"author":[{"embeddable":true,"href":"https:\/\/www.lavillette.com\/en\/wp-json\/wp\/v2\/users\/1"}],"replies":[{"embeddable":true,"href":"https:\/\/www.lavillette.com\/en\/wp-json\/wp\/v2\/comments?post=42088"}],"version-history":[{"count":3,"href":"https:\/\/www.lavillette.com\/en\/wp-json\/wp\/v2\/pages\/42088\/revisions"}],"predecessor-version":[{"id":42096,"href":"https:\/\/www.lavillette.com\/en\/wp-json\/wp\/v2\/pages\/42088\/revisions\/42096"}],"wp:attachment":[{"href":"https:\/\/www.lavillette.com\/en\/wp-json\/wp\/v2\/media?parent=42088"}],"curies":[{"name":"wp","href":"https:\/\/api.w.org\/{rel}","templated":true}]}}