{"id":59700,"date":"2025-08-13T11:32:35","date_gmt":"2025-08-13T09:32:35","guid":{"rendered":"https:\/\/www.lavillette.com\/partenaires-medias\/"},"modified":"2025-08-13T11:36:14","modified_gmt":"2025-08-13T09:36:14","slug":"media-partners","status":"publish","type":"page","link":"https:\/\/www.lavillette.com\/en\/media-partners\/","title":{"rendered":"Media partners"},"content":{"rendered":"<div style=\"height:40px;min-height:40px\" aria-hidden=\"true\" class=\"wp-block-spacer\"><\/div>\n\n<div style=\"height:40px;min-height:40px\" aria-hidden=\"true\" class=\"wp-block-spacer\"><\/div>\n\n\n<h2 class=\"wp-block-heading\">Media supporting the 2025\u20132026 season<\/h2>\n\n\n<section class=\"custom-fond-colore fullwidth marge-l marge-r\"\r\n                      style=\"background-color: #ffffff; --text-color: #000;\"\r\n         >\r\n    <div class=\"column\">\r\n        \n\n<div class=\"wp-block-columns is-layout-flex wp-container-core-columns-is-layout-9d6595d7 wp-block-columns-is-layout-flex\">\n<div class=\"wp-block-column is-layout-flow wp-block-column-is-layout-flow\" style=\"flex-basis:10%\"><\/div>\n\n\n\n<div class=\"wp-block-column is-layout-flow wp-block-column-is-layout-flow\" style=\"flex-basis:33%\"><div class=\"wp-block-image\">\n<figure class=\"alignleft size-full is-resized\"><a href=\"https:\/\/www.arte.tv\/fr\/\"><img decoding=\"async\" width=\"253\" height=\"201\" src=\"https:\/\/www.lavillette.com\/wp-content\/uploads\/2024\/11\/Arte.png\" alt=\"\" class=\"wp-image-44055\" style=\"width:233px;height:auto\"\/><\/a><\/figure>\n<\/div><\/div>\n\n\n\n<div class=\"wp-block-column is-layout-flow wp-block-column-is-layout-flow\" style=\"flex-basis:33%\"><div class=\"wp-block-image\">\n<figure class=\"alignleft size-full is-resized\"><a href=\"https:\/\/www.liberation.fr\/\"><img decoding=\"async\" width=\"506\" height=\"402\" src=\"https:\/\/www.lavillette.com\/wp-content\/uploads\/2024\/04\/Liberation.png\" alt=\"\" class=\"wp-image-23790\" style=\"width:225px;height:auto\" srcset=\"https:\/\/www.lavillette.com\/wp-content\/uploads\/2024\/04\/Liberation.png 506w, https:\/\/www.lavillette.com\/wp-content\/uploads\/2024\/04\/Liberation-300x238.png 300w\" sizes=\"(max-width: 506px) 100vw, 506px\" \/><\/a><\/figure>\n<\/div><\/div>\n\n\n\n<div class=\"wp-block-column is-layout-flow wp-block-column-is-layout-flow\" style=\"flex-basis:33%\"><div class=\"wp-block-image\">\n<figure class=\"alignleft size-full is-resized\"><a href=\"https:\/\/www.telerama.fr\/\"><img decoding=\"async\" width=\"506\" height=\"402\" src=\"https:\/\/www.lavillette.com\/wp-content\/uploads\/2024\/04\/Telerama.png\" alt=\"\" class=\"wp-image-23822\" style=\"width:233px;height:auto\" srcset=\"https:\/\/www.lavillette.com\/wp-content\/uploads\/2024\/04\/Telerama.png 506w, https:\/\/www.lavillette.com\/wp-content\/uploads\/2024\/04\/Telerama-300x238.png 300w\" sizes=\"(max-width: 506px) 100vw, 506px\" \/><\/a><\/figure>\n<\/div><\/div>\n<\/div>\n\n\n\n<div class=\"wp-block-columns is-layout-flex wp-container-core-columns-is-layout-9d6595d7 wp-block-columns-is-layout-flex\">\n<div class=\"wp-block-column is-layout-flow wp-block-column-is-layout-flow\" style=\"flex-basis:10%\"><\/div>\n\n\n\n<div class=\"wp-block-column is-layout-flow wp-block-column-is-layout-flow\" style=\"flex-basis:33%\"><div class=\"wp-block-image\">\n<figure class=\"alignleft size-full is-resized\"><a href=\"https:\/\/www.mouvement.net\/\"><img decoding=\"async\" width=\"506\" height=\"402\" src=\"https:\/\/www.lavillette.com\/wp-content\/uploads\/2024\/04\/mouvement.png\" alt=\"\" class=\"wp-image-33826\" style=\"width:229px;height:auto\" srcset=\"https:\/\/www.lavillette.com\/wp-content\/uploads\/2024\/04\/mouvement.png 506w, https:\/\/www.lavillette.com\/wp-content\/uploads\/2024\/04\/mouvement-300x238.png 300w\" sizes=\"(max-width: 506px) 100vw, 506px\" \/><\/a><\/figure>\n<\/div><\/div>\n\n\n\n<div class=\"wp-block-column is-layout-flow wp-block-column-is-layout-flow\" style=\"flex-basis:33%\"><div class=\"wp-block-image\">\n<figure class=\"alignleft size-full is-resized\"><a href=\"https:\/\/www.radiofrance.fr\/franceculture\"><img decoding=\"async\" width=\"253\" height=\"201\" src=\"https:\/\/www.lavillette.com\/wp-content\/uploads\/2025\/07\/France-culture.png\" alt=\"\" class=\"wp-image-58347\" style=\"width:242px;height:auto\"\/><\/a><\/figure>\n<\/div><\/div>\n\n\n\n<div class=\"wp-block-column is-layout-flow wp-block-column-is-layout-flow\" style=\"flex-basis:33%\"><div class=\"wp-block-image\">\n<figure class=\"alignleft size-full is-resized\"><a href=\"https:\/\/www.radiofrance.fr\/franceinter\"><img decoding=\"async\" width=\"253\" height=\"201\" src=\"https:\/\/www.lavillette.com\/wp-content\/uploads\/2024\/05\/France-inter.png\" alt=\"\" class=\"wp-image-49311\" style=\"width:234px;height:auto\"\/><\/a><\/figure>\n<\/div><\/div>\n<\/div>\n\n    <\/div>\r\n<\/section>\n\n<div style=\"height:20px;min-height:20px\" aria-hidden=\"true\" class=\"wp-block-spacer\"><\/div>\n\n<div style=\"height:40px;min-height:40px\" aria-hidden=\"true\" class=\"wp-block-spacer\"><\/div>\n\n<section class=\"galerie-block mobile-hidden \" data-pointer=\"69dec96042458\">\r\n    <div class=\"owl-carousel galerie-laptop galerie row\">\r\n                    <div class=\"galerieimg\" data-pos=\"0\">\r\n                                    <div class=\"fullscreen\">\r\n                        <svg width=\"14\" height=\"14\" viewBox=\"0 0 18 18\" fill=\"none\" xmlns=\"http:\/\/www.w3.org\/2000\/svg\">\r\n                            <path d=\"M12 0L14.3 2.3L11.41 5.17L12.83 6.59L15.7 3.7L18 6V0H12ZM0 6L2.3 3.7L5.17 6.59L6.59 5.17L3.7 2.3L6 0H0V6ZM6 18L3.7 15.7L6.59 12.83L5.17 11.41L2.3 14.3L0 12V18H6ZM18 12L15.7 14.3L12.83 11.41L11.41 12.83L14.3 15.7L12 18H18V12Z\" fill=\"white\"\/>\r\n                        <\/svg>\r\n                    <\/div>\r\n                    <img decoding=\"async\" loading=\"eager\" src=\"https:\/\/www.lavillette.com\/wp-content\/uploads\/2025\/06\/DSC00250-scaled.jpg\" alt=\"Deux danseurs en plein saut acrobatique au-dessus d'une voiture, sous des lumi\u00e8res violettes et devant un public\">\r\n                                            <div class=\"creditsphoto\">\r\n                             \u00a9 Copyright                            <div class=\"creditsphoto-inner\">\r\n                                 <p>BRIGITTE POUPART \/ CIE TRANSTH\u00c9\u00c2TRE <em>Jusqu&#8217;\u00e0 ce qu&#8217;on meure<\/em> <br \/>\u00a9 Zenzel<\/p>\n                            <\/div>\r\n                        <\/div>\r\n                                                <\/div>\r\n                    <div class=\"galerieimg\" data-pos=\"1\">\r\n                                    <div class=\"fullscreen\">\r\n                        <svg width=\"14\" height=\"14\" viewBox=\"0 0 18 18\" fill=\"none\" xmlns=\"http:\/\/www.w3.org\/2000\/svg\">\r\n                            <path d=\"M12 0L14.3 2.3L11.41 5.17L12.83 6.59L15.7 3.7L18 6V0H12ZM0 6L2.3 3.7L5.17 6.59L6.59 5.17L3.7 2.3L6 0H0V6ZM6 18L3.7 15.7L6.59 12.83L5.17 11.41L2.3 14.3L0 12V18H6ZM18 12L15.7 14.3L12.83 11.41L11.41 12.83L14.3 15.7L12 18H18V12Z\" fill=\"white\"\/>\r\n                        <\/svg>\r\n                    <\/div>\r\n                    <img decoding=\"async\" loading=\"eager\" src=\"https:\/\/www.lavillette.com\/wp-content\/uploads\/2025\/06\/JFSAVARIAxSLAMxTohu2024-24.png\" alt=\"Deux catcheurs en pleine action sur un ring : l\u2019un porte un legging lam\u00e9 rose, l\u2019autre un masque de Lucha Libre et un short de boxe kaki. Sc\u00e8ne tir\u00e9e du spectacle Slam! de Robert Lepage, FLIP Fabrique et Ex Machina.\">\r\n                                            <div class=\"creditsphoto\">\r\n                             \u00a9 Copyright                            <div class=\"creditsphoto-inner\">\r\n                                 <p>FLIP FABRIQUE \/ EX MACHINA \/ ROBERT LEPAGE <em>Slam!<\/em><br \/> \u00a9 Jean-Fran\u00e7ois savaria<\/p>\n                            <\/div>\r\n                        <\/div>\r\n                                                <\/div>\r\n                    <div class=\"galerieimg\" data-pos=\"2\">\r\n                                    <div class=\"fullscreen\">\r\n                        <svg width=\"14\" height=\"14\" viewBox=\"0 0 18 18\" fill=\"none\" xmlns=\"http:\/\/www.w3.org\/2000\/svg\">\r\n                            <path d=\"M12 0L14.3 2.3L11.41 5.17L12.83 6.59L15.7 3.7L18 6V0H12ZM0 6L2.3 3.7L5.17 6.59L6.59 5.17L3.7 2.3L6 0H0V6ZM6 18L3.7 15.7L6.59 12.83L5.17 11.41L2.3 14.3L0 12V18H6ZM18 12L15.7 14.3L12.83 11.41L11.41 12.83L14.3 15.7L12 18H18V12Z\" fill=\"white\"\/>\r\n                        <\/svg>\r\n                    <\/div>\r\n                    <img decoding=\"async\" loading=\"eager\" src=\"https:\/\/www.lavillette.com\/wp-content\/uploads\/2025\/06\/Solitude-des-champs-de-coton-Derouault-Dexter-Photo-Pascal-Elliott-12.png\" alt=\"\">\r\n                                            <div class=\"creditsphoto\">\r\n                             \u00a9 Copyright                            <div class=\"creditsphoto-inner\">\r\n                                 <p>TH\u00c9\u00c2TRE DU CORPS PIETRAGALLA &#8211; DEROUAULT <em>Dans la solitude des champs de coton<\/em><br \/>\u00a9 Pascal Elliott<\/p>\n                            <\/div>\r\n                        <\/div>\r\n                                                <\/div>\r\n            <\/div>\r\n<\/section>\r\n<section class=\"galerie-block laptop-hidden \" data-pointer=\"69dec96042458\">\r\n    <div class=\"owl-carousel galerie galerie-mobile row\">\r\n                    <div class=\"galerieimg\" data-pos=\"0\">\r\n                                    <div class=\"fullscreen\">\r\n                        <svg width=\"14\" height=\"14\" viewBox=\"0 0 18 18\" fill=\"none\" xmlns=\"http:\/\/www.w3.org\/2000\/svg\">\r\n                            <path d=\"M12 0L14.3 2.3L11.41 5.17L12.83 6.59L15.7 3.7L18 6V0H12ZM0 6L2.3 3.7L5.17 6.59L6.59 5.17L3.7 2.3L6 0H0V6ZM6 18L3.7 15.7L6.59 12.83L5.17 11.41L2.3 14.3L0 12V18H6ZM18 12L15.7 14.3L12.83 11.41L11.41 12.83L14.3 15.7L12 18H18V12Z\" fill=\"white\"\/>\r\n                        <\/svg>\r\n                    <\/div>\r\n                    <img decoding=\"async\" loading=\"eager\" src=\"https:\/\/www.lavillette.com\/wp-content\/uploads\/2025\/06\/DSC00250-scaled.jpg\" alt=\"Deux danseurs en plein saut acrobatique au-dessus d'une voiture, sous des lumi\u00e8res violettes et devant un public\">\r\n                                            <div class=\"creditsphoto\">\r\n                             \u00a9 Copyright                            <div class=\"creditsphoto-inner\">\r\n                                <p>BRIGITTE POUPART \/ CIE TRANSTH\u00c9\u00c2TRE <em>Jusqu&#8217;\u00e0 ce qu&#8217;on meure<\/em> <br \/>\u00a9 Zenzel<\/p>\n                            <\/div>\r\n                        <\/div>\r\n                                                <\/div>\r\n                    <div class=\"galerieimg\" data-pos=\"1\">\r\n                                    <div class=\"fullscreen\">\r\n                        <svg width=\"14\" height=\"14\" viewBox=\"0 0 18 18\" fill=\"none\" xmlns=\"http:\/\/www.w3.org\/2000\/svg\">\r\n                            <path d=\"M12 0L14.3 2.3L11.41 5.17L12.83 6.59L15.7 3.7L18 6V0H12ZM0 6L2.3 3.7L5.17 6.59L6.59 5.17L3.7 2.3L6 0H0V6ZM6 18L3.7 15.7L6.59 12.83L5.17 11.41L2.3 14.3L0 12V18H6ZM18 12L15.7 14.3L12.83 11.41L11.41 12.83L14.3 15.7L12 18H18V12Z\" fill=\"white\"\/>\r\n                        <\/svg>\r\n                    <\/div>\r\n                    <img decoding=\"async\" loading=\"eager\" src=\"https:\/\/www.lavillette.com\/wp-content\/uploads\/2025\/06\/JFSAVARIAxSLAMxTohu2024-24.png\" alt=\"Deux catcheurs en pleine action sur un ring : l\u2019un porte un legging lam\u00e9 rose, l\u2019autre un masque de Lucha Libre et un short de boxe kaki. Sc\u00e8ne tir\u00e9e du spectacle Slam! de Robert Lepage, FLIP Fabrique et Ex Machina.\">\r\n                                            <div class=\"creditsphoto\">\r\n                             \u00a9 Copyright                            <div class=\"creditsphoto-inner\">\r\n                                <p>FLIP FABRIQUE \/ EX MACHINA \/ ROBERT LEPAGE <em>Slam!<\/em><br \/> \u00a9 Jean-Fran\u00e7ois savaria<\/p>\n                            <\/div>\r\n                        <\/div>\r\n                                                <\/div>\r\n                    <div class=\"galerieimg\" data-pos=\"2\">\r\n                                    <div class=\"fullscreen\">\r\n                        <svg width=\"14\" height=\"14\" viewBox=\"0 0 18 18\" fill=\"none\" xmlns=\"http:\/\/www.w3.org\/2000\/svg\">\r\n                            <path d=\"M12 0L14.3 2.3L11.41 5.17L12.83 6.59L15.7 3.7L18 6V0H12ZM0 6L2.3 3.7L5.17 6.59L6.59 5.17L3.7 2.3L6 0H0V6ZM6 18L3.7 15.7L6.59 12.83L5.17 11.41L2.3 14.3L0 12V18H6ZM18 12L15.7 14.3L12.83 11.41L11.41 12.83L14.3 15.7L12 18H18V12Z\" fill=\"white\"\/>\r\n                        <\/svg>\r\n                    <\/div>\r\n                    <img decoding=\"async\" loading=\"eager\" src=\"https:\/\/www.lavillette.com\/wp-content\/uploads\/2025\/06\/Solitude-des-champs-de-coton-Derouault-Dexter-Photo-Pascal-Elliott-12.png\" alt=\"\">\r\n                                            <div class=\"creditsphoto\">\r\n                             \u00a9 Copyright                            <div class=\"creditsphoto-inner\">\r\n                                <p>TH\u00c9\u00c2TRE DU CORPS PIETRAGALLA &#8211; DEROUAULT <em>Dans la solitude des champs de coton<\/em><br \/>\u00a9 Pascal Elliott<\/p>\n                            <\/div>\r\n                        <\/div>\r\n                                                <\/div>\r\n            <\/div>\r\n<\/section>\r\n<section class=\"galerie-popup hidden 69dec96042458\">\r\n    <button class=\"close\">\r\n        <svg width=\"15px\" height=\"15px\" viewBox=\"0 0 250 250\" xmlns=\"http:\/\/www.w3.org\/2000\/svg\">\r\n            <path d=\"M213,0 L243,30 L151,121 L243,213 L213,243 L121,151 L30,243 L2.0,213 L91,121 L0,30 L30,0 L121,91 L213,0 Z\">\r\n            <\/path>\r\n        <\/svg>\r\n    <\/button>\r\n    <div class=\"owl-carousel galerie row\">\r\n                    <div class=\"galerieimg\">\r\n                                    <img decoding=\"async\" loading=\"eager\" src=\"https:\/\/www.lavillette.com\/wp-content\/uploads\/2025\/06\/DSC00250-scaled.jpg\" alt=\"Deux danseurs en plein saut acrobatique au-dessus d'une voiture, sous des lumi\u00e8res violettes et devant un public\">\r\n                                            <div class=\"creditsphoto\">\r\n                             \u00a9 Copyright                            <div class=\"creditsphoto-inner\">\r\n                                \u00a9 Joseph Banderet                            <\/div>\r\n                        <\/div>\r\n                                                <\/div>\r\n                    <div class=\"galerieimg\">\r\n                                    <img decoding=\"async\" loading=\"eager\" src=\"https:\/\/www.lavillette.com\/wp-content\/uploads\/2025\/06\/JFSAVARIAxSLAMxTohu2024-24.png\" alt=\"Deux catcheurs en pleine action sur un ring : l\u2019un porte un legging lam\u00e9 rose, l\u2019autre un masque de Lucha Libre et un short de boxe kaki. Sc\u00e8ne tir\u00e9e du spectacle Slam! de Robert Lepage, FLIP Fabrique et Ex Machina.\">\r\n                                            <div class=\"creditsphoto\">\r\n                             \u00a9 Copyright                            <div class=\"creditsphoto-inner\">\r\n                                \u00a9 Joseph Banderet                            <\/div>\r\n                        <\/div>\r\n                                                <\/div>\r\n                    <div class=\"galerieimg\">\r\n                                    <img decoding=\"async\" loading=\"eager\" src=\"https:\/\/www.lavillette.com\/wp-content\/uploads\/2025\/06\/Solitude-des-champs-de-coton-Derouault-Dexter-Photo-Pascal-Elliott-12.png\" alt=\"\">\r\n                                            <div class=\"creditsphoto\">\r\n                             \u00a9 Copyright                            <div class=\"creditsphoto-inner\">\r\n                                \u00a9 Joseph Banderet                            <\/div>\r\n                        <\/div>\r\n                                                <\/div>\r\n            <\/div>\r\n<\/section>\n\n\n<p><\/p>\n","protected":false},"excerpt":{"rendered":"<p>Media supporting the 2025\u20132026 season<\/p>\n","protected":false},"author":24,"featured_media":58310,"parent":0,"menu_order":0,"comment_status":"open","ping_status":"closed","template":"","meta":{"_acf_changed":false,"footnotes":""},"class_list":["post-59700","page","type-page","status-publish","has-post-thumbnail","hentry"],"acf":[],"yoast_head":"<!-- This site is optimized with the Yoast SEO plugin v27.2 - https:\/\/yoast.com\/product\/yoast-seo-wordpress\/ -->\n<title>Media partners - La Villette<\/title>\n<meta name=\"description\" content=\"Discover the media partners working alongside La Villette to develop artistic, educational, and social projects.\" \/>\n<meta name=\"robots\" content=\"index, follow, max-snippet:-1, max-image-preview:large, max-video-preview:-1\" \/>\n<link rel=\"canonical\" href=\"https:\/\/www.lavillette.com\/en\/media-partners\/\" \/>\n<meta property=\"og:locale\" content=\"en_US\" \/>\n<meta property=\"og:type\" content=\"article\" \/>\n<meta property=\"og:title\" content=\"Media partners - La Villette\" \/>\n<meta property=\"og:description\" content=\"Discover the media partners working alongside La Villette to develop artistic, educational, and social projects.\" \/>\n<meta property=\"og:url\" content=\"https:\/\/www.lavillette.com\/en\/media-partners\/\" \/>\n<meta property=\"og:site_name\" content=\"La Villette\" \/>\n<meta property=\"article:modified_time\" content=\"2025-08-13T09:36:14+00:00\" \/>\n<meta property=\"og:image\" content=\"https:\/\/www.lavillette.com\/wp-content\/uploads\/2025\/07\/250404-JB-0365-Bdef.jpg\" \/>\n\t<meta property=\"og:image:width\" content=\"1600\" \/>\n\t<meta property=\"og:image:height\" content=\"1067\" \/>\n\t<meta property=\"og:image:type\" content=\"image\/jpeg\" \/>\n<meta name=\"twitter:card\" content=\"summary_large_image\" \/>\n<meta name=\"twitter:label1\" content=\"Est. reading time\" \/>\n\t<meta name=\"twitter:data1\" content=\"2 minutes\" \/>\n<script type=\"application\/ld+json\" class=\"yoast-schema-graph\">{\"@context\":\"https:\/\/schema.org\",\"@graph\":[{\"@type\":\"WebPage\",\"@id\":\"https:\/\/www.lavillette.com\/en\/media-partners\/\",\"url\":\"https:\/\/www.lavillette.com\/en\/media-partners\/\",\"name\":\"Media partners - La Villette\",\"isPartOf\":{\"@id\":\"https:\/\/www.lavillette.com\/en\/#website\"},\"primaryImageOfPage\":{\"@id\":\"https:\/\/www.lavillette.com\/en\/media-partners\/#primaryimage\"},\"image\":{\"@id\":\"https:\/\/www.lavillette.com\/en\/media-partners\/#primaryimage\"},\"thumbnailUrl\":\"https:\/\/www.lavillette.com\/wp-content\/uploads\/2025\/07\/250404-JB-0365-Bdef.jpg\",\"datePublished\":\"2025-08-13T09:32:35+00:00\",\"dateModified\":\"2025-08-13T09:36:14+00:00\",\"description\":\"Discover the media partners working alongside La Villette to develop artistic, educational, and social projects.\",\"inLanguage\":\"en-US\",\"potentialAction\":[{\"@type\":\"ReadAction\",\"target\":[\"https:\/\/www.lavillette.com\/en\/media-partners\/\"]}]},{\"@type\":\"ImageObject\",\"inLanguage\":\"en-US\",\"@id\":\"https:\/\/www.lavillette.com\/en\/media-partners\/#primaryimage\",\"url\":\"https:\/\/www.lavillette.com\/wp-content\/uploads\/2025\/07\/250404-JB-0365-Bdef.jpg\",\"contentUrl\":\"https:\/\/www.lavillette.com\/wp-content\/uploads\/2025\/07\/250404-JB-0365-Bdef.jpg\",\"width\":1600,\"height\":1067,\"caption\":\"Le 4 avril 2025 \u00e0 La Villette. \u00a9Joseph Banderet\"},{\"@type\":\"WebSite\",\"@id\":\"https:\/\/www.lavillette.com\/en\/#website\",\"url\":\"https:\/\/www.lavillette.com\/en\/\",\"name\":\"La Villette\",\"description\":\"\",\"publisher\":{\"@id\":\"https:\/\/www.lavillette.com\/en\/#organization\"},\"potentialAction\":[{\"@type\":\"SearchAction\",\"target\":{\"@type\":\"EntryPoint\",\"urlTemplate\":\"https:\/\/www.lavillette.com\/en\/?s={search_term_string}\"},\"query-input\":{\"@type\":\"PropertyValueSpecification\",\"valueRequired\":true,\"valueName\":\"search_term_string\"}}],\"inLanguage\":\"en-US\"},{\"@type\":\"Organization\",\"@id\":\"https:\/\/www.lavillette.com\/en\/#organization\",\"name\":\"La Villette\",\"url\":\"https:\/\/www.lavillette.com\/en\/\",\"logo\":{\"@type\":\"ImageObject\",\"inLanguage\":\"en-US\",\"@id\":\"https:\/\/www.lavillette.com\/en\/#\/schema\/logo\/image\/\",\"url\":\"https:\/\/www.lavillette.com\/wp-content\/uploads\/2023\/12\/LOGO2015VILLETTENOIR-1.png\",\"contentUrl\":\"https:\/\/www.lavillette.com\/wp-content\/uploads\/2023\/12\/LOGO2015VILLETTENOIR-1.png\",\"width\":190,\"height\":84,\"caption\":\"La Villette\"},\"image\":{\"@id\":\"https:\/\/www.lavillette.com\/en\/#\/schema\/logo\/image\/\"}}]}<\/script>\n<!-- \/ Yoast SEO plugin. -->","yoast_head_json":{"title":"Media partners - La Villette","description":"Discover the media partners working alongside La Villette to develop artistic, educational, and social projects.","robots":{"index":"index","follow":"follow","max-snippet":"max-snippet:-1","max-image-preview":"max-image-preview:large","max-video-preview":"max-video-preview:-1"},"canonical":"https:\/\/www.lavillette.com\/en\/media-partners\/","og_locale":"en_US","og_type":"article","og_title":"Media partners - La Villette","og_description":"Discover the media partners working alongside La Villette to develop artistic, educational, and social projects.","og_url":"https:\/\/www.lavillette.com\/en\/media-partners\/","og_site_name":"La Villette","article_modified_time":"2025-08-13T09:36:14+00:00","og_image":[{"width":1600,"height":1067,"url":"https:\/\/www.lavillette.com\/wp-content\/uploads\/2025\/07\/250404-JB-0365-Bdef.jpg","type":"image\/jpeg"}],"twitter_card":"summary_large_image","twitter_misc":{"Est. reading time":"2 minutes"},"schema":{"@context":"https:\/\/schema.org","@graph":[{"@type":"WebPage","@id":"https:\/\/www.lavillette.com\/en\/media-partners\/","url":"https:\/\/www.lavillette.com\/en\/media-partners\/","name":"Media partners - La Villette","isPartOf":{"@id":"https:\/\/www.lavillette.com\/en\/#website"},"primaryImageOfPage":{"@id":"https:\/\/www.lavillette.com\/en\/media-partners\/#primaryimage"},"image":{"@id":"https:\/\/www.lavillette.com\/en\/media-partners\/#primaryimage"},"thumbnailUrl":"https:\/\/www.lavillette.com\/wp-content\/uploads\/2025\/07\/250404-JB-0365-Bdef.jpg","datePublished":"2025-08-13T09:32:35+00:00","dateModified":"2025-08-13T09:36:14+00:00","description":"Discover the media partners working alongside La Villette to develop artistic, educational, and social projects.","inLanguage":"en-US","potentialAction":[{"@type":"ReadAction","target":["https:\/\/www.lavillette.com\/en\/media-partners\/"]}]},{"@type":"ImageObject","inLanguage":"en-US","@id":"https:\/\/www.lavillette.com\/en\/media-partners\/#primaryimage","url":"https:\/\/www.lavillette.com\/wp-content\/uploads\/2025\/07\/250404-JB-0365-Bdef.jpg","contentUrl":"https:\/\/www.lavillette.com\/wp-content\/uploads\/2025\/07\/250404-JB-0365-Bdef.jpg","width":1600,"height":1067,"caption":"Le 4 avril 2025 \u00e0 La Villette. \u00a9Joseph Banderet"},{"@type":"WebSite","@id":"https:\/\/www.lavillette.com\/en\/#website","url":"https:\/\/www.lavillette.com\/en\/","name":"La Villette","description":"","publisher":{"@id":"https:\/\/www.lavillette.com\/en\/#organization"},"potentialAction":[{"@type":"SearchAction","target":{"@type":"EntryPoint","urlTemplate":"https:\/\/www.lavillette.com\/en\/?s={search_term_string}"},"query-input":{"@type":"PropertyValueSpecification","valueRequired":true,"valueName":"search_term_string"}}],"inLanguage":"en-US"},{"@type":"Organization","@id":"https:\/\/www.lavillette.com\/en\/#organization","name":"La Villette","url":"https:\/\/www.lavillette.com\/en\/","logo":{"@type":"ImageObject","inLanguage":"en-US","@id":"https:\/\/www.lavillette.com\/en\/#\/schema\/logo\/image\/","url":"https:\/\/www.lavillette.com\/wp-content\/uploads\/2023\/12\/LOGO2015VILLETTENOIR-1.png","contentUrl":"https:\/\/www.lavillette.com\/wp-content\/uploads\/2023\/12\/LOGO2015VILLETTENOIR-1.png","width":190,"height":84,"caption":"La Villette"},"image":{"@id":"https:\/\/www.lavillette.com\/en\/#\/schema\/logo\/image\/"}}]}},"_links":{"self":[{"href":"https:\/\/www.lavillette.com\/en\/wp-json\/wp\/v2\/pages\/59700","targetHints":{"allow":["GET"]}}],"collection":[{"href":"https:\/\/www.lavillette.com\/en\/wp-json\/wp\/v2\/pages"}],"about":[{"href":"https:\/\/www.lavillette.com\/en\/wp-json\/wp\/v2\/types\/page"}],"author":[{"embeddable":true,"href":"https:\/\/www.lavillette.com\/en\/wp-json\/wp\/v2\/users\/24"}],"replies":[{"embeddable":true,"href":"https:\/\/www.lavillette.com\/en\/wp-json\/wp\/v2\/comments?post=59700"}],"version-history":[{"count":1,"href":"https:\/\/www.lavillette.com\/en\/wp-json\/wp\/v2\/pages\/59700\/revisions"}],"predecessor-version":[{"id":59702,"href":"https:\/\/www.lavillette.com\/en\/wp-json\/wp\/v2\/pages\/59700\/revisions\/59702"}],"wp:featuredmedia":[{"embeddable":true,"href":"https:\/\/www.lavillette.com\/en\/wp-json\/wp\/v2\/media\/58310"}],"wp:attachment":[{"href":"https:\/\/www.lavillette.com\/en\/wp-json\/wp\/v2\/media?parent=59700"}],"curies":[{"name":"wp","href":"https:\/\/api.w.org\/{rel}","templated":true}]}}